{"id":17,"date":"2025-10-09T12:54:43","date_gmt":"2025-10-09T12:54:43","guid":{"rendered":"https:\/\/stichtingruggespraak.nl\/?page_id=17"},"modified":"2025-10-14T17:50:52","modified_gmt":"2025-10-14T17:50:52","slug":"helene-zack","status":"publish","type":"page","link":"https:\/\/stichtingruggespraak.nl\/?page_id=17","title":{"rendered":"H\u00e9l\u00e8ne\u00a0Zack"},"content":{"rendered":"\n<h2 class=\"wp-block-heading has-text-color has-link-color wp-elements-86e000fab0c15850873870f80099437d\" style=\"color:#2729aa\">H\u00e9l\u00e8ne&nbsp;Zack<\/h2>\n\n\n\n<p>Oprichter en voorzitter<\/p>\n\n\n\n<figure class=\"wp-block-image size-large is-resized\"><img loading=\"lazy\" decoding=\"async\" width=\"839\" height=\"1024\" src=\"https:\/\/stichtingruggespraak.nl\/wp-content\/uploads\/2025\/10\/WhatsApp-Image-2025-10-09-at-14.51.56-839x1024.jpeg\" alt=\"Foto van H\u00e9l\u00e8ne Zack\" class=\"wp-image-53\" style=\"width:288px;height:auto\" srcset=\"https:\/\/stichtingruggespraak.nl\/wp-content\/uploads\/2025\/10\/WhatsApp-Image-2025-10-09-at-14.51.56-839x1024.jpeg 839w, https:\/\/stichtingruggespraak.nl\/wp-content\/uploads\/2025\/10\/WhatsApp-Image-2025-10-09-at-14.51.56-246x300.jpeg 246w, https:\/\/stichtingruggespraak.nl\/wp-content\/uploads\/2025\/10\/WhatsApp-Image-2025-10-09-at-14.51.56-768x938.jpeg 768w, https:\/\/stichtingruggespraak.nl\/wp-content\/uploads\/2025\/10\/WhatsApp-Image-2025-10-09-at-14.51.56-1258x1536.jpeg 1258w, https:\/\/stichtingruggespraak.nl\/wp-content\/uploads\/2025\/10\/WhatsApp-Image-2025-10-09-at-14.51.56.jpeg 1566w\" sizes=\"auto, (max-width: 839px) 100vw, 839px\" \/><\/figure>\n\n\n\n<p>H\u00e9l\u00e8ne Zack heeft een achtergrond sociaal pedagogische hulpverlening en gezinsbegeleiding. Na haar studie startte ze Praktijk Ruggespraak vanuit de overtuiging dat mensen met neurodiversiteit helder horen te krijgen wie ze zijn en wat ze nodig hebben.<\/p>\n\n\n\n<p>In haar praktijk richt H\u00e9l\u00e8ne zich vooral op kinderen en jongeren met autisme, HSP en andere neurodiverse profielen. Ze zette de Chillplek op bij evenementen zodat zij een rustige ruimte hebben als de prikkels te veel worden.<\/p>\n\n\n\n<p>Als voorzitter van de stichting brengt ze visie, ervaring en hart voor de zaak. Ze bewaakt dat besluiten vanuit empathie en doelgerichtheid ontstaan. Ze wil dat de stichting meer is dan informatie \u2014 een plek die echt helpt.<\/p>\n\n\n\n<p>H\u00e9l\u00e8ne gelooft dat je niet alleen moet praten over neurodiversiteit, maar dat je het zichtbaar moet maken in steun, ruimte en verbinding. Met haar combinatie van kennis, ondernemerschap en betrokkenheid is zij een krachtige drijvende kracht achter alles wat de stichting doet.<\/p>\n\n\n\n<p class=\"has-text-color has-link-color wp-elements-0a2ea935d8ad28bdf5885d60c15bfccf\" style=\"color:#ff6584\"><a href=\"https:\/\/www.linkedin.com\/in\/h%C3%A9l%C3%A8nezackpraktijkruggespraak?utm_source=share&amp;utm_campaign=share_via&amp;utm_content=profile&amp;utm_medium=android_app\">LinkedIn<\/a><\/p>\n","protected":false},"excerpt":{"rendered":"<p>H\u00e9l\u00e8ne&nbsp;Zack Oprichter en voorzitter H\u00e9l\u00e8ne Zack heeft een achtergrond sociaal pedagogische hulpverlening en gezinsbegeleiding. Na haar studie startte ze Praktijk Ruggespraak vanuit de overtuiging dat mensen met neurodiversiteit helder horen te krijgen wie ze zijn en wat ze nodig hebben. In haar praktijk richt H\u00e9l\u00e8ne zich vooral op kinderen en jongeren met autisme, HSP en [&hellip;]<\/p>\n","protected":false},"author":1,"featured_media":0,"parent":0,"menu_order":0,"comment_status":"closed","ping_status":"closed","template":"","meta":{"footnotes":""},"class_list":["post-17","page","type-page","status-publish","hentry"],"yoast_head":"<!-- This site is optimized with the Yoast SEO plugin v26.5 - https:\/\/yoast.com\/wordpress\/plugins\/seo\/ -->\n<title>H\u00e9l\u00e8ne\u00a0Zack - Stichting Ruggespraak<\/title>\n<meta name=\"robots\" content=\"index, follow, max-snippet:-1, max-image-preview:large, max-video-preview:-1\" \/>\n<link rel=\"canonical\" href=\"https:\/\/stichtingruggespraak.nl\/?page_id=17\" \/>\n<meta property=\"og:locale\" content=\"nl_NL\" \/>\n<meta property=\"og:type\" content=\"article\" \/>\n<meta property=\"og:title\" content=\"H\u00e9l\u00e8ne\u00a0Zack - Stichting Ruggespraak\" \/>\n<meta property=\"og:description\" content=\"H\u00e9l\u00e8ne&nbsp;Zack Oprichter en voorzitter H\u00e9l\u00e8ne Zack heeft een achtergrond sociaal pedagogische hulpverlening en gezinsbegeleiding. Na haar studie startte ze Praktijk Ruggespraak vanuit de overtuiging dat mensen met neurodiversiteit helder horen te krijgen wie ze zijn en wat ze nodig hebben. In haar praktijk richt H\u00e9l\u00e8ne zich vooral op kinderen en jongeren met autisme, HSP en [&hellip;]\" \/>\n<meta property=\"og:url\" content=\"https:\/\/stichtingruggespraak.nl\/?page_id=17\" \/>\n<meta property=\"og:site_name\" content=\"Stichting Ruggespraak\" \/>\n<meta property=\"article:modified_time\" content=\"2025-10-14T17:50:52+00:00\" \/>\n<meta property=\"og:image\" content=\"https:\/\/stichtingruggespraak.nl\/wp-content\/uploads\/2025\/10\/WhatsApp-Image-2025-10-09-at-14.51.56.jpeg\" \/>\n\t<meta property=\"og:image:width\" content=\"1566\" \/>\n\t<meta property=\"og:image:height\" content=\"1912\" \/>\n\t<meta property=\"og:image:type\" content=\"image\/jpeg\" \/>\n<meta name=\"twitter:card\" content=\"summary_large_image\" \/>\n<meta name=\"twitter:label1\" content=\"Geschatte leestijd\" \/>\n\t<meta name=\"twitter:data1\" content=\"1 minuut\" \/>\n<script type=\"application\/ld+json\" class=\"yoast-schema-graph\">{\"@context\":\"https:\/\/schema.org\",\"@graph\":[{\"@type\":\"WebPage\",\"@id\":\"https:\/\/stichtingruggespraak.nl\/?page_id=17\",\"url\":\"https:\/\/stichtingruggespraak.nl\/?page_id=17\",\"name\":\"H\u00e9l\u00e8ne\u00a0Zack - Stichting Ruggespraak\",\"isPartOf\":{\"@id\":\"https:\/\/stichtingruggespraak.nl\/#website\"},\"primaryImageOfPage\":{\"@id\":\"https:\/\/stichtingruggespraak.nl\/?page_id=17#primaryimage\"},\"image\":{\"@id\":\"https:\/\/stichtingruggespraak.nl\/?page_id=17#primaryimage\"},\"thumbnailUrl\":\"https:\/\/stichtingruggespraak.nl\/wp-content\/uploads\/2025\/10\/WhatsApp-Image-2025-10-09-at-14.51.56-839x1024.jpeg\",\"datePublished\":\"2025-10-09T12:54:43+00:00\",\"dateModified\":\"2025-10-14T17:50:52+00:00\",\"breadcrumb\":{\"@id\":\"https:\/\/stichtingruggespraak.nl\/?page_id=17#breadcrumb\"},\"inLanguage\":\"nl-NL\",\"potentialAction\":[{\"@type\":\"ReadAction\",\"target\":[\"https:\/\/stichtingruggespraak.nl\/?page_id=17\"]}]},{\"@type\":\"ImageObject\",\"inLanguage\":\"nl-NL\",\"@id\":\"https:\/\/stichtingruggespraak.nl\/?page_id=17#primaryimage\",\"url\":\"https:\/\/stichtingruggespraak.nl\/wp-content\/uploads\/2025\/10\/WhatsApp-Image-2025-10-09-at-14.51.56.jpeg\",\"contentUrl\":\"https:\/\/stichtingruggespraak.nl\/wp-content\/uploads\/2025\/10\/WhatsApp-Image-2025-10-09-at-14.51.56.jpeg\",\"width\":1566,\"height\":1912,\"caption\":\"Foto van H\u00e9l\u00e8ne Zack\"},{\"@type\":\"BreadcrumbList\",\"@id\":\"https:\/\/stichtingruggespraak.nl\/?page_id=17#breadcrumb\",\"itemListElement\":[{\"@type\":\"ListItem\",\"position\":1,\"name\":\"Home\",\"item\":\"https:\/\/stichtingruggespraak.nl\/\"},{\"@type\":\"ListItem\",\"position\":2,\"name\":\"H\u00e9l\u00e8ne\u00a0Zack\"}]},{\"@type\":\"WebSite\",\"@id\":\"https:\/\/stichtingruggespraak.nl\/#website\",\"url\":\"https:\/\/stichtingruggespraak.nl\/\",\"name\":\"Stichting Ruggespraak\",\"description\":\"\",\"potentialAction\":[{\"@type\":\"SearchAction\",\"target\":{\"@type\":\"EntryPoint\",\"urlTemplate\":\"https:\/\/stichtingruggespraak.nl\/?s={search_term_string}\"},\"query-input\":{\"@type\":\"PropertyValueSpecification\",\"valueRequired\":true,\"valueName\":\"search_term_string\"}}],\"inLanguage\":\"nl-NL\"}]}<\/script>\n<!-- \/ Yoast SEO plugin. -->","yoast_head_json":{"title":"H\u00e9l\u00e8ne\u00a0Zack - Stichting Ruggespraak","robots":{"index":"index","follow":"follow","max-snippet":"max-snippet:-1","max-image-preview":"max-image-preview:large","max-video-preview":"max-video-preview:-1"},"canonical":"https:\/\/stichtingruggespraak.nl\/?page_id=17","og_locale":"nl_NL","og_type":"article","og_title":"H\u00e9l\u00e8ne\u00a0Zack - Stichting Ruggespraak","og_description":"H\u00e9l\u00e8ne&nbsp;Zack Oprichter en voorzitter H\u00e9l\u00e8ne Zack heeft een achtergrond sociaal pedagogische hulpverlening en gezinsbegeleiding. Na haar studie startte ze Praktijk Ruggespraak vanuit de overtuiging dat mensen met neurodiversiteit helder horen te krijgen wie ze zijn en wat ze nodig hebben. In haar praktijk richt H\u00e9l\u00e8ne zich vooral op kinderen en jongeren met autisme, HSP en [&hellip;]","og_url":"https:\/\/stichtingruggespraak.nl\/?page_id=17","og_site_name":"Stichting Ruggespraak","article_modified_time":"2025-10-14T17:50:52+00:00","og_image":[{"width":1566,"height":1912,"url":"https:\/\/stichtingruggespraak.nl\/wp-content\/uploads\/2025\/10\/WhatsApp-Image-2025-10-09-at-14.51.56.jpeg","type":"image\/jpeg"}],"twitter_card":"summary_large_image","twitter_misc":{"Geschatte leestijd":"1 minuut"},"schema":{"@context":"https:\/\/schema.org","@graph":[{"@type":"WebPage","@id":"https:\/\/stichtingruggespraak.nl\/?page_id=17","url":"https:\/\/stichtingruggespraak.nl\/?page_id=17","name":"H\u00e9l\u00e8ne\u00a0Zack - Stichting Ruggespraak","isPartOf":{"@id":"https:\/\/stichtingruggespraak.nl\/#website"},"primaryImageOfPage":{"@id":"https:\/\/stichtingruggespraak.nl\/?page_id=17#primaryimage"},"image":{"@id":"https:\/\/stichtingruggespraak.nl\/?page_id=17#primaryimage"},"thumbnailUrl":"https:\/\/stichtingruggespraak.nl\/wp-content\/uploads\/2025\/10\/WhatsApp-Image-2025-10-09-at-14.51.56-839x1024.jpeg","datePublished":"2025-10-09T12:54:43+00:00","dateModified":"2025-10-14T17:50:52+00:00","breadcrumb":{"@id":"https:\/\/stichtingruggespraak.nl\/?page_id=17#breadcrumb"},"inLanguage":"nl-NL","potentialAction":[{"@type":"ReadAction","target":["https:\/\/stichtingruggespraak.nl\/?page_id=17"]}]},{"@type":"ImageObject","inLanguage":"nl-NL","@id":"https:\/\/stichtingruggespraak.nl\/?page_id=17#primaryimage","url":"https:\/\/stichtingruggespraak.nl\/wp-content\/uploads\/2025\/10\/WhatsApp-Image-2025-10-09-at-14.51.56.jpeg","contentUrl":"https:\/\/stichtingruggespraak.nl\/wp-content\/uploads\/2025\/10\/WhatsApp-Image-2025-10-09-at-14.51.56.jpeg","width":1566,"height":1912,"caption":"Foto van H\u00e9l\u00e8ne Zack"},{"@type":"BreadcrumbList","@id":"https:\/\/stichtingruggespraak.nl\/?page_id=17#breadcrumb","itemListElement":[{"@type":"ListItem","position":1,"name":"Home","item":"https:\/\/stichtingruggespraak.nl\/"},{"@type":"ListItem","position":2,"name":"H\u00e9l\u00e8ne\u00a0Zack"}]},{"@type":"WebSite","@id":"https:\/\/stichtingruggespraak.nl\/#website","url":"https:\/\/stichtingruggespraak.nl\/","name":"Stichting Ruggespraak","description":"","potentialAction":[{"@type":"SearchAction","target":{"@type":"EntryPoint","urlTemplate":"https:\/\/stichtingruggespraak.nl\/?s={search_term_string}"},"query-input":{"@type":"PropertyValueSpecification","valueRequired":true,"valueName":"search_term_string"}}],"inLanguage":"nl-NL"}]}},"_links":{"self":[{"href":"https:\/\/stichtingruggespraak.nl\/index.php?rest_route=\/wp\/v2\/pages\/17","targetHints":{"allow":["GET"]}}],"collection":[{"href":"https:\/\/stichtingruggespraak.nl\/index.php?rest_route=\/wp\/v2\/pages"}],"about":[{"href":"https:\/\/stichtingruggespraak.nl\/index.php?rest_route=\/wp\/v2\/types\/page"}],"author":[{"embeddable":true,"href":"https:\/\/stichtingruggespraak.nl\/index.php?rest_route=\/wp\/v2\/users\/1"}],"replies":[{"embeddable":true,"href":"https:\/\/stichtingruggespraak.nl\/index.php?rest_route=%2Fwp%2Fv2%2Fcomments&post=17"}],"version-history":[{"count":7,"href":"https:\/\/stichtingruggespraak.nl\/index.php?rest_route=\/wp\/v2\/pages\/17\/revisions"}],"predecessor-version":[{"id":111,"href":"https:\/\/stichtingruggespraak.nl\/index.php?rest_route=\/wp\/v2\/pages\/17\/revisions\/111"}],"wp:attachment":[{"href":"https:\/\/stichtingruggespraak.nl\/index.php?rest_route=%2Fwp%2Fv2%2Fmedia&parent=17"}],"curies":[{"name":"wp","href":"https:\/\/api.w.org\/{rel}","templated":true}]}}