{"id":15,"date":"2025-10-09T12:39:48","date_gmt":"2025-10-09T12:39:48","guid":{"rendered":"https:\/\/stichtingruggespraak.nl\/?page_id=15"},"modified":"2025-12-03T11:42:42","modified_gmt":"2025-12-03T11:42:42","slug":"het-bestuur","status":"publish","type":"page","link":"https:\/\/stichtingruggespraak.nl\/?page_id=15","title":{"rendered":"Het bestuur"},"content":{"rendered":"\n<h2 class=\"wp-block-heading\">Het bestuur<\/h2>\n\n\n\n<div class=\"wp-block-columns is-layout-flex wp-container-core-columns-is-layout-28f84493 wp-block-columns-is-layout-flex\">\n<div class=\"wp-block-column is-layout-flow wp-block-column-is-layout-flow\">\n<figure class=\"wp-block-image size-large is-resized\"><img loading=\"lazy\" decoding=\"async\" width=\"839\" height=\"1024\" src=\"https:\/\/stichtingruggespraak.nl\/wp-content\/uploads\/2025\/10\/WhatsApp-Image-2025-10-09-at-14.51.56-839x1024.jpeg\" alt=\"Foto van H\u00e9l\u00e8ne Zack\" class=\"wp-image-53\" style=\"width:290px;height:auto\" srcset=\"https:\/\/stichtingruggespraak.nl\/wp-content\/uploads\/2025\/10\/WhatsApp-Image-2025-10-09-at-14.51.56-839x1024.jpeg 839w, https:\/\/stichtingruggespraak.nl\/wp-content\/uploads\/2025\/10\/WhatsApp-Image-2025-10-09-at-14.51.56-246x300.jpeg 246w, https:\/\/stichtingruggespraak.nl\/wp-content\/uploads\/2025\/10\/WhatsApp-Image-2025-10-09-at-14.51.56-768x938.jpeg 768w, https:\/\/stichtingruggespraak.nl\/wp-content\/uploads\/2025\/10\/WhatsApp-Image-2025-10-09-at-14.51.56-1258x1536.jpeg 1258w, https:\/\/stichtingruggespraak.nl\/wp-content\/uploads\/2025\/10\/WhatsApp-Image-2025-10-09-at-14.51.56.jpeg 1566w\" sizes=\"auto, (max-width: 839px) 100vw, 839px\" \/><\/figure>\n<\/div>\n\n\n\n<div class=\"wp-block-column is-layout-flow wp-block-column-is-layout-flow\">\n<p class=\"has-text-color has-link-color wp-elements-a5c5a12449d1bfe233a87f743d4f65a3\" style=\"color:#2729aa\"><strong>H\u00e9l\u00e8ne&nbsp;Zack<\/strong><\/p>\n\n\n\n<p>Oprichter en voorzitter<\/p>\n\n\n\n<p>H\u00e9l\u00e8ne is sociaalpedagogisch hulpverlener en gezinsbegeleider. Ze richtte Stichting Ruggespraak op om neurodiversiteit zichtbaar en begrijpelijk te maken. Met haar kennis, ervaring en empathie geeft ze richting en hart aan de stichting.<\/p>\n\n\n\n<p class=\"has-text-color has-link-color wp-elements-6b627ad48fb9fe87e97dde876f64bd75\" style=\"color:#ff6584\"><span style=\"text-decoration: underline;\"><a href=\"https:\/\/stichtingruggespraak.nl\/?page_id=17\" data-type=\"page\" data-id=\"17\">Lees meer<\/a><\/span><\/p>\n<\/div>\n<\/div>\n\n\n\n<div class=\"wp-block-columns is-layout-flex wp-container-core-columns-is-layout-28f84493 wp-block-columns-is-layout-flex\">\n<div class=\"wp-block-column is-layout-flow wp-block-column-is-layout-flow\">\n<figure class=\"wp-block-image size-large is-resized\"><img loading=\"lazy\" decoding=\"async\" width=\"723\" height=\"1024\" src=\"https:\/\/stichtingruggespraak.nl\/wp-content\/uploads\/2025\/10\/WhatsApp-Image-2025-10-09-at-14.15.47-1-723x1024.jpeg\" alt=\"Foto van Marianne Zijp\" class=\"wp-image-36\" style=\"width:209px;height:auto\" srcset=\"https:\/\/stichtingruggespraak.nl\/wp-content\/uploads\/2025\/10\/WhatsApp-Image-2025-10-09-at-14.15.47-1-723x1024.jpeg 723w, https:\/\/stichtingruggespraak.nl\/wp-content\/uploads\/2025\/10\/WhatsApp-Image-2025-10-09-at-14.15.47-1-212x300.jpeg 212w, https:\/\/stichtingruggespraak.nl\/wp-content\/uploads\/2025\/10\/WhatsApp-Image-2025-10-09-at-14.15.47-1-768x1088.jpeg 768w, https:\/\/stichtingruggespraak.nl\/wp-content\/uploads\/2025\/10\/WhatsApp-Image-2025-10-09-at-14.15.47-1-1084x1536.jpeg 1084w, https:\/\/stichtingruggespraak.nl\/wp-content\/uploads\/2025\/10\/WhatsApp-Image-2025-10-09-at-14.15.47-1.jpeg 1445w\" sizes=\"auto, (max-width: 723px) 100vw, 723px\" \/><\/figure>\n<\/div>\n\n\n\n<div class=\"wp-block-column is-layout-flow wp-block-column-is-layout-flow\">\n<p class=\"has-text-color has-link-color wp-elements-87ed94c7aa940a89a06de4e34aaa5550\" style=\"color:#2729aa\"><strong>Marianne Zijp<\/strong><\/p>\n\n\n\n<p>Secretaris<\/p>\n\n\n\n<p>Marianne heeft veel ervaring in gezinsbegeleiding en coaching. Ze brengt rust, kennis en warmte in het bestuur en helpt de stichting groeien met aandacht voor ieder mens.<\/p>\n\n\n\n<p class=\"has-text-color has-link-color wp-elements-d3bdf75b9252f9991306b59b93429640\" style=\"color:#ff6584\"><span style=\"text-decoration: underline;\"><a href=\"https:\/\/stichtingruggespraak.nl\/?page_id=22\">Lees meer<\/a><\/span><\/p>\n<\/div>\n<\/div>\n\n\n\n<div class=\"wp-block-columns is-layout-flex wp-container-core-columns-is-layout-28f84493 wp-block-columns-is-layout-flex\">\n<div class=\"wp-block-column is-layout-flow wp-block-column-is-layout-flow\">\n<div class=\"wp-block-columns is-layout-flex wp-container-core-columns-is-layout-28f84493 wp-block-columns-is-layout-flex\">\n<div class=\"wp-block-column is-layout-flow wp-block-column-is-layout-flow\">\n<figure class=\"wp-block-image size-large is-resized\"><img loading=\"lazy\" decoding=\"async\" width=\"699\" height=\"1024\" src=\"https:\/\/stichtingruggespraak.nl\/wp-content\/uploads\/2025\/10\/WhatsApp-Image-2025-10-08-at-15.48.44-699x1024.jpeg\" alt=\"Foto van Mieke Slotboom\" class=\"wp-image-31\" style=\"width:203px;height:auto\" srcset=\"https:\/\/stichtingruggespraak.nl\/wp-content\/uploads\/2025\/10\/WhatsApp-Image-2025-10-08-at-15.48.44-699x1024.jpeg 699w, https:\/\/stichtingruggespraak.nl\/wp-content\/uploads\/2025\/10\/WhatsApp-Image-2025-10-08-at-15.48.44-205x300.jpeg 205w, https:\/\/stichtingruggespraak.nl\/wp-content\/uploads\/2025\/10\/WhatsApp-Image-2025-10-08-at-15.48.44-768x1126.jpeg 768w, https:\/\/stichtingruggespraak.nl\/wp-content\/uploads\/2025\/10\/WhatsApp-Image-2025-10-08-at-15.48.44-1048x1536.jpeg 1048w, https:\/\/stichtingruggespraak.nl\/wp-content\/uploads\/2025\/10\/WhatsApp-Image-2025-10-08-at-15.48.44.jpeg 1397w\" sizes=\"auto, (max-width: 699px) 100vw, 699px\" \/><\/figure>\n<\/div>\n<\/div>\n<\/div>\n\n\n\n<div class=\"wp-block-column is-layout-flow wp-block-column-is-layout-flow\">\n<p class=\"has-text-color has-link-color wp-elements-eb32bb50da004f9a759c23a8b6e84a81\" style=\"color:#2729aa\"><strong>Mieke Slotboom<\/strong><\/p>\n\n\n\n<p>Penningmeester<\/p>\n\n\n\n<p>Mieke werkt als werkbegeleidster bij een leerwerkbedrijf. Ze helpt mensen zich in hun eigen tempo te ontwikkelen en brengt warmte en betrokkenheid in het bestuur.<\/p>\n\n\n\n<p class=\"has-text-color has-link-color wp-elements-f7d0cd57858ba26b9823645dcab7bbed\" style=\"color:#ff6584\"><span style=\"text-decoration: underline;\"><a href=\"https:\/\/stichtingruggespraak.nl\/?page_id=21\">Lees meer<\/a><\/span><\/p>\n<\/div>\n<\/div>\n\n\n\n<div class=\"wp-block-columns is-layout-flex wp-container-core-columns-is-layout-28f84493 wp-block-columns-is-layout-flex\">\n<div class=\"wp-block-column is-layout-flow wp-block-column-is-layout-flow\">\n<h2 class=\"wp-block-heading has-text-color has-link-color wp-elements-8efcb46cf30cd1b9f6e7f6a49828a278\" style=\"color:#2729aa\">Ondersteund door<\/h2>\n<\/div>\n<\/div>\n\n\n\n<div class=\"wp-block-columns is-layout-flex wp-container-core-columns-is-layout-28f84493 wp-block-columns-is-layout-flex\">\n<div class=\"wp-block-column is-layout-flow wp-block-column-is-layout-flow\">\n<figure class=\"wp-block-image size-large is-resized\"><img loading=\"lazy\" decoding=\"async\" width=\"741\" height=\"1024\" src=\"https:\/\/stichtingruggespraak.nl\/wp-content\/uploads\/2025\/10\/WhatsApp-Image-2025-10-09-at-14.15.47-741x1024.jpeg\" alt=\"Foto van Thomas de Groot. Hij staat schuin naar de camera gedraaid en lacht\" class=\"wp-image-37\" style=\"width:225px;height:auto\" srcset=\"https:\/\/stichtingruggespraak.nl\/wp-content\/uploads\/2025\/10\/WhatsApp-Image-2025-10-09-at-14.15.47-741x1024.jpeg 741w, https:\/\/stichtingruggespraak.nl\/wp-content\/uploads\/2025\/10\/WhatsApp-Image-2025-10-09-at-14.15.47-217x300.jpeg 217w, https:\/\/stichtingruggespraak.nl\/wp-content\/uploads\/2025\/10\/WhatsApp-Image-2025-10-09-at-14.15.47-768x1061.jpeg 768w, https:\/\/stichtingruggespraak.nl\/wp-content\/uploads\/2025\/10\/WhatsApp-Image-2025-10-09-at-14.15.47-1112x1536.jpeg 1112w, https:\/\/stichtingruggespraak.nl\/wp-content\/uploads\/2025\/10\/WhatsApp-Image-2025-10-09-at-14.15.47.jpeg 1482w\" sizes=\"auto, (max-width: 741px) 100vw, 741px\" \/><\/figure>\n\n\n\n<p class=\"has-text-color has-link-color wp-elements-5f9ed239e9a3849d441bc5189da649c4\" style=\"color:#2729aa\"><strong>Thomas de Groot<\/strong><\/p>\n\n\n\n<p>Adviseur<\/p>\n\n\n<a style=\"color:#3b3b3b;\" class=\"wp-elements-19ca967bf32049bf96bf483b325fa9ae wp-block-read-more has-text-color\" href=\"https:\/\/stichtingruggespraak.nl\/?page_id=15\" target=\"_self\">Thomas is beleidsadviseur bij Binnenlandse Zaken. Hij ondersteunt het bestuur met kennis, overzicht en humor. Hij denkt strategisch mee en zorgt dat idee\u00ebn worden vertaald naar concrete stappen.<span class=\"screen-reader-text\">: Het bestuur<\/span><\/a>\n\n\n<p class=\"has-text-color has-link-color wp-elements-500d85c139a20e7a2c4d0073474abafb\" style=\"color:#ff6584\"><span style=\"text-decoration: underline;\"><a href=\"https:\/\/stichtingruggespraak.nl\/?page_id=20\">Lees meer<\/a><\/span><\/p>\n<\/div>\n\n\n\n<div class=\"wp-block-column is-layout-flow wp-block-column-is-layout-flow\">\n<figure class=\"wp-block-image size-large\"><img loading=\"lazy\" decoding=\"async\" width=\"1024\" height=\"1024\" src=\"https:\/\/stichtingruggespraak.nl\/wp-content\/uploads\/2025\/10\/WhatsApp-Image-2025-08-21-at-13.24.45-1024x1024.jpeg\" alt=\"Foto van Nathalie de Groot. Ze houdt een mok vast en lacht naar de camera met een gesloten mond.\" class=\"wp-image-24\" srcset=\"https:\/\/stichtingruggespraak.nl\/wp-content\/uploads\/2025\/10\/WhatsApp-Image-2025-08-21-at-13.24.45-1024x1024.jpeg 1024w, https:\/\/stichtingruggespraak.nl\/wp-content\/uploads\/2025\/10\/WhatsApp-Image-2025-08-21-at-13.24.45-300x300.jpeg 300w, https:\/\/stichtingruggespraak.nl\/wp-content\/uploads\/2025\/10\/WhatsApp-Image-2025-08-21-at-13.24.45-150x150.jpeg 150w, https:\/\/stichtingruggespraak.nl\/wp-content\/uploads\/2025\/10\/WhatsApp-Image-2025-08-21-at-13.24.45-768x768.jpeg 768w, https:\/\/stichtingruggespraak.nl\/wp-content\/uploads\/2025\/10\/WhatsApp-Image-2025-08-21-at-13.24.45.jpeg 1440w\" sizes=\"auto, (max-width: 1024px) 100vw, 1024px\" \/><\/figure>\n\n\n\n<p class=\"has-text-color has-link-color wp-elements-5df4dc6ad51655001f601d3962f50cbe\" style=\"color:#2729aa\"><strong>Nathalie de Groot<\/strong><\/p>\n\n\n\n<p>Contentedesigner en copywriter<\/p>\n\n\n\n<p>Nathalie zorgt dat de stem van de stichting helder en inclusief klinkt. Met haar ervaring in UX writing en haar eigen neurodivergente blik maakt ze informatie toegankelijk en herkenbaar voor iedereen.<\/p>\n\n\n\n<p class=\"has-text-color has-link-color wp-elements-c91af8d3acdbae094f3da7fde6820642\" style=\"color:#ff6584\"><span style=\"text-decoration: underline;\"><a href=\"https:\/\/stichtingruggespraak.nl\/?page_id=19\">Lees meer<\/a><\/span><\/p>\n<\/div>\n<\/div>\n","protected":false},"excerpt":{"rendered":"<p>Het bestuur H\u00e9l\u00e8ne&nbsp;Zack Oprichter en voorzitter H\u00e9l\u00e8ne is sociaalpedagogisch hulpverlener en gezinsbegeleider. Ze richtte Stichting Ruggespraak op om neurodiversiteit zichtbaar en begrijpelijk te maken. Met haar kennis, ervaring en empathie geeft ze richting en hart aan de stichting. Lees meer Marianne Zijp Secretaris Marianne heeft veel ervaring in gezinsbegeleiding en coaching. Ze brengt rust, kennis [&hellip;]<\/p>\n","protected":false},"author":1,"featured_media":0,"parent":0,"menu_order":0,"comment_status":"closed","ping_status":"closed","template":"","meta":{"footnotes":""},"class_list":["post-15","page","type-page","status-publish","hentry"],"yoast_head":"<!-- This site is optimized with the Yoast SEO plugin v26.5 - https:\/\/yoast.com\/wordpress\/plugins\/seo\/ -->\n<title>Het bestuur - Stichting Ruggespraak<\/title>\n<meta name=\"robots\" content=\"index, follow, max-snippet:-1, max-image-preview:large, max-video-preview:-1\" \/>\n<link rel=\"canonical\" href=\"https:\/\/stichtingruggespraak.nl\/?page_id=15\" \/>\n<meta property=\"og:locale\" content=\"nl_NL\" \/>\n<meta property=\"og:type\" content=\"article\" \/>\n<meta property=\"og:title\" content=\"Het bestuur - Stichting Ruggespraak\" \/>\n<meta property=\"og:description\" content=\"Het bestuur H\u00e9l\u00e8ne&nbsp;Zack Oprichter en voorzitter H\u00e9l\u00e8ne is sociaalpedagogisch hulpverlener en gezinsbegeleider. Ze richtte Stichting Ruggespraak op om neurodiversiteit zichtbaar en begrijpelijk te maken. Met haar kennis, ervaring en empathie geeft ze richting en hart aan de stichting. Lees meer Marianne Zijp Secretaris Marianne heeft veel ervaring in gezinsbegeleiding en coaching. Ze brengt rust, kennis [&hellip;]\" \/>\n<meta property=\"og:url\" content=\"https:\/\/stichtingruggespraak.nl\/?page_id=15\" \/>\n<meta property=\"og:site_name\" content=\"Stichting Ruggespraak\" \/>\n<meta property=\"article:modified_time\" content=\"2025-12-03T11:42:42+00:00\" \/>\n<meta property=\"og:image\" content=\"https:\/\/stichtingruggespraak.nl\/wp-content\/uploads\/2025\/10\/WhatsApp-Image-2025-10-09-at-14.51.56.jpeg\" \/>\n\t<meta property=\"og:image:width\" content=\"1566\" \/>\n\t<meta property=\"og:image:height\" content=\"1912\" \/>\n\t<meta property=\"og:image:type\" content=\"image\/jpeg\" \/>\n<meta name=\"twitter:card\" content=\"summary_large_image\" \/>\n<meta name=\"twitter:label1\" content=\"Geschatte leestijd\" \/>\n\t<meta name=\"twitter:data1\" content=\"2 minuten\" \/>\n<script type=\"application\/ld+json\" class=\"yoast-schema-graph\">{\"@context\":\"https:\/\/schema.org\",\"@graph\":[{\"@type\":\"WebPage\",\"@id\":\"https:\/\/stichtingruggespraak.nl\/?page_id=15\",\"url\":\"https:\/\/stichtingruggespraak.nl\/?page_id=15\",\"name\":\"Het bestuur - Stichting Ruggespraak\",\"isPartOf\":{\"@id\":\"https:\/\/stichtingruggespraak.nl\/#website\"},\"primaryImageOfPage\":{\"@id\":\"https:\/\/stichtingruggespraak.nl\/?page_id=15#primaryimage\"},\"image\":{\"@id\":\"https:\/\/stichtingruggespraak.nl\/?page_id=15#primaryimage\"},\"thumbnailUrl\":\"https:\/\/stichtingruggespraak.nl\/wp-content\/uploads\/2025\/10\/WhatsApp-Image-2025-10-09-at-14.51.56-839x1024.jpeg\",\"datePublished\":\"2025-10-09T12:39:48+00:00\",\"dateModified\":\"2025-12-03T11:42:42+00:00\",\"breadcrumb\":{\"@id\":\"https:\/\/stichtingruggespraak.nl\/?page_id=15#breadcrumb\"},\"inLanguage\":\"nl-NL\",\"potentialAction\":[{\"@type\":\"ReadAction\",\"target\":[\"https:\/\/stichtingruggespraak.nl\/?page_id=15\"]}]},{\"@type\":\"ImageObject\",\"inLanguage\":\"nl-NL\",\"@id\":\"https:\/\/stichtingruggespraak.nl\/?page_id=15#primaryimage\",\"url\":\"https:\/\/stichtingruggespraak.nl\/wp-content\/uploads\/2025\/10\/WhatsApp-Image-2025-10-09-at-14.51.56.jpeg\",\"contentUrl\":\"https:\/\/stichtingruggespraak.nl\/wp-content\/uploads\/2025\/10\/WhatsApp-Image-2025-10-09-at-14.51.56.jpeg\",\"width\":1566,\"height\":1912,\"caption\":\"Foto van H\u00e9l\u00e8ne Zack\"},{\"@type\":\"BreadcrumbList\",\"@id\":\"https:\/\/stichtingruggespraak.nl\/?page_id=15#breadcrumb\",\"itemListElement\":[{\"@type\":\"ListItem\",\"position\":1,\"name\":\"Home\",\"item\":\"https:\/\/stichtingruggespraak.nl\/\"},{\"@type\":\"ListItem\",\"position\":2,\"name\":\"Het bestuur\"}]},{\"@type\":\"WebSite\",\"@id\":\"https:\/\/stichtingruggespraak.nl\/#website\",\"url\":\"https:\/\/stichtingruggespraak.nl\/\",\"name\":\"Stichting Ruggespraak\",\"description\":\"\",\"potentialAction\":[{\"@type\":\"SearchAction\",\"target\":{\"@type\":\"EntryPoint\",\"urlTemplate\":\"https:\/\/stichtingruggespraak.nl\/?s={search_term_string}\"},\"query-input\":{\"@type\":\"PropertyValueSpecification\",\"valueRequired\":true,\"valueName\":\"search_term_string\"}}],\"inLanguage\":\"nl-NL\"}]}<\/script>\n<!-- \/ Yoast SEO plugin. -->","yoast_head_json":{"title":"Het bestuur - Stichting Ruggespraak","robots":{"index":"index","follow":"follow","max-snippet":"max-snippet:-1","max-image-preview":"max-image-preview:large","max-video-preview":"max-video-preview:-1"},"canonical":"https:\/\/stichtingruggespraak.nl\/?page_id=15","og_locale":"nl_NL","og_type":"article","og_title":"Het bestuur - Stichting Ruggespraak","og_description":"Het bestuur H\u00e9l\u00e8ne&nbsp;Zack Oprichter en voorzitter H\u00e9l\u00e8ne is sociaalpedagogisch hulpverlener en gezinsbegeleider. Ze richtte Stichting Ruggespraak op om neurodiversiteit zichtbaar en begrijpelijk te maken. Met haar kennis, ervaring en empathie geeft ze richting en hart aan de stichting. Lees meer Marianne Zijp Secretaris Marianne heeft veel ervaring in gezinsbegeleiding en coaching. Ze brengt rust, kennis [&hellip;]","og_url":"https:\/\/stichtingruggespraak.nl\/?page_id=15","og_site_name":"Stichting Ruggespraak","article_modified_time":"2025-12-03T11:42:42+00:00","og_image":[{"width":1566,"height":1912,"url":"https:\/\/stichtingruggespraak.nl\/wp-content\/uploads\/2025\/10\/WhatsApp-Image-2025-10-09-at-14.51.56.jpeg","type":"image\/jpeg"}],"twitter_card":"summary_large_image","twitter_misc":{"Geschatte leestijd":"2 minuten"},"schema":{"@context":"https:\/\/schema.org","@graph":[{"@type":"WebPage","@id":"https:\/\/stichtingruggespraak.nl\/?page_id=15","url":"https:\/\/stichtingruggespraak.nl\/?page_id=15","name":"Het bestuur - Stichting Ruggespraak","isPartOf":{"@id":"https:\/\/stichtingruggespraak.nl\/#website"},"primaryImageOfPage":{"@id":"https:\/\/stichtingruggespraak.nl\/?page_id=15#primaryimage"},"image":{"@id":"https:\/\/stichtingruggespraak.nl\/?page_id=15#primaryimage"},"thumbnailUrl":"https:\/\/stichtingruggespraak.nl\/wp-content\/uploads\/2025\/10\/WhatsApp-Image-2025-10-09-at-14.51.56-839x1024.jpeg","datePublished":"2025-10-09T12:39:48+00:00","dateModified":"2025-12-03T11:42:42+00:00","breadcrumb":{"@id":"https:\/\/stichtingruggespraak.nl\/?page_id=15#breadcrumb"},"inLanguage":"nl-NL","potentialAction":[{"@type":"ReadAction","target":["https:\/\/stichtingruggespraak.nl\/?page_id=15"]}]},{"@type":"ImageObject","inLanguage":"nl-NL","@id":"https:\/\/stichtingruggespraak.nl\/?page_id=15#primaryimage","url":"https:\/\/stichtingruggespraak.nl\/wp-content\/uploads\/2025\/10\/WhatsApp-Image-2025-10-09-at-14.51.56.jpeg","contentUrl":"https:\/\/stichtingruggespraak.nl\/wp-content\/uploads\/2025\/10\/WhatsApp-Image-2025-10-09-at-14.51.56.jpeg","width":1566,"height":1912,"caption":"Foto van H\u00e9l\u00e8ne Zack"},{"@type":"BreadcrumbList","@id":"https:\/\/stichtingruggespraak.nl\/?page_id=15#breadcrumb","itemListElement":[{"@type":"ListItem","position":1,"name":"Home","item":"https:\/\/stichtingruggespraak.nl\/"},{"@type":"ListItem","position":2,"name":"Het bestuur"}]},{"@type":"WebSite","@id":"https:\/\/stichtingruggespraak.nl\/#website","url":"https:\/\/stichtingruggespraak.nl\/","name":"Stichting Ruggespraak","description":"","potentialAction":[{"@type":"SearchAction","target":{"@type":"EntryPoint","urlTemplate":"https:\/\/stichtingruggespraak.nl\/?s={search_term_string}"},"query-input":{"@type":"PropertyValueSpecification","valueRequired":true,"valueName":"search_term_string"}}],"inLanguage":"nl-NL"}]}},"_links":{"self":[{"href":"https:\/\/stichtingruggespraak.nl\/index.php?rest_route=\/wp\/v2\/pages\/15","targetHints":{"allow":["GET"]}}],"collection":[{"href":"https:\/\/stichtingruggespraak.nl\/index.php?rest_route=\/wp\/v2\/pages"}],"about":[{"href":"https:\/\/stichtingruggespraak.nl\/index.php?rest_route=\/wp\/v2\/types\/page"}],"author":[{"embeddable":true,"href":"https:\/\/stichtingruggespraak.nl\/index.php?rest_route=\/wp\/v2\/users\/1"}],"replies":[{"embeddable":true,"href":"https:\/\/stichtingruggespraak.nl\/index.php?rest_route=%2Fwp%2Fv2%2Fcomments&post=15"}],"version-history":[{"count":12,"href":"https:\/\/stichtingruggespraak.nl\/index.php?rest_route=\/wp\/v2\/pages\/15\/revisions"}],"predecessor-version":[{"id":123,"href":"https:\/\/stichtingruggespraak.nl\/index.php?rest_route=\/wp\/v2\/pages\/15\/revisions\/123"}],"wp:attachment":[{"href":"https:\/\/stichtingruggespraak.nl\/index.php?rest_route=%2Fwp%2Fv2%2Fmedia&parent=15"}],"curies":[{"name":"wp","href":"https:\/\/api.w.org\/{rel}","templated":true}]}}